{"id":2379,"date":"2026-04-30T06:24:50","date_gmt":"2026-04-30T06:24:50","guid":{"rendered":"https:\/\/yawei-powertransformer.com\/?page_id=2379"},"modified":"2026-04-30T08:13:15","modified_gmt":"2026-04-30T08:13:15","slug":"download","status":"publish","type":"page","link":"https:\/\/yawei-powertransformer.com\/es\/download\/","title":{"rendered":"Descargar"},"content":{"rendered":"<div class=\"banner has-hover\" id=\"banner-1885991269\">\n          <div class=\"banner-inner fill\">\n        <div class=\"banner-bg fill\" >\n            <div class=\"bg fill bg-fill\"><\/div>\n                        <div class=\"overlay\"><\/div>            \n                    <\/div>\n\t\t\n        <div class=\"banner-layers container\">\n            <div class=\"fill banner-link\"><\/div>            \n   <div id=\"text-box-431101058\" class=\"text-box banner-layer x0 md-x0 lg-x0 y70 md-y70 lg-y70 res-text\">\n                                <div class=\"text-box-content text dark\">\n              \n              <div class=\"text-inner text-center\">\n                  \n<h2 style=\"text-align: left;\" data-start=\"68\" data-end=\"149\">Centro de descargas\u00a0<\/h2>\n<div class=\"flex max-w-full flex-col gap-4 grow\">\n<div class=\"min-h-8 text-message relative flex w-full flex-col items-end gap-2 text-start break-words whitespace-normal outline-none keyboard-focused:focus-ring &#091;.text-message+&amp;&#093;:mt-1\" dir=\"auto\" tabindex=\"0\" data-message-author-role=\"assistant\" data-message-id=\"ebf7251e-189f-4da5-b9b1-d692b60b28c8\" data-message-model-slug=\"gpt-5-3-mini\" data-turn-start-message=\"true\">\n<div class=\"flex w-full flex-col gap-1 empty:hidden\">\n<div class=\"markdown prose dark:prose-invert w-full wrap-break-word light markdown-new-styling\">\n<p style=\"text-align: left;\" data-start=\"151\" data-end=\"374\" data-is-last-node=\"\" data-is-only-node=\"\">Documentos t\u00e9cnicos y recursos de productos: acceda a cat\u00e1logos, folletos de productos, manuales de mantenimiento y perfiles de empresas de <span class=\"hover:entity-accent entity-underline inline cursor-pointer align-baseline\"><span class=\"whitespace-normal\">Transformador Yawei<\/span><\/span>. Todos los recursos esenciales para soluciones de transformadores de potencia de 10kV-500kV en un solo lugar.<\/p>\n<\/div>\n<\/div>\n<\/div>\n<\/div>\n              <\/div>\n           <\/div>\n                            \n<style>\n#text-box-431101058 {\n  width: 60%;\n}\n#text-box-431101058 .text-box-content {\n  font-size: 100%;\n}\n<\/style>\n    <\/div>\n \n        <\/div>\n      <\/div>\n\n            \n<style>\n#banner-1885991269 {\n  padding-top: 600px;\n  background-color: rgb(255, 255, 255);\n}\n#banner-1885991269 .bg.bg-loaded {\n  background-image: url(https:\/\/yawei-powertransformer.com\/wp-content\/uploads\/2026\/04\/Power-Transformer-Catalog-Download-10kV\u2013500kV-IECIEEE-Certified-Substation-Grid-Solutions-by-Yawei-Transformer-China-Manufacturer.webp);\n}\n#banner-1885991269 .overlay {\n  background-color: rgba(0, 0, 0, 0.43);\n}\n<\/style>\n  <\/div>\n\n\n<div class=\"row\"  id=\"row-391205350\">\n\n\t<div id=\"col-1890860086\" class=\"col medium-6 small-12 large-6\"  >\n\t\t\t\t<div class=\"col-inner\"  >\n\t\t\t\n\t\t\t\n<div class=\"row\"  id=\"row-1922190256\">\n\n\t<div id=\"col-223484072\" class=\"col medium-8 small-12 large-8\"  >\n\t\t\t\t<div class=\"col-inner\"  >\n\t\t\t\n\t\t\t\n<p><img loading=\"lazy\" decoding=\"async\" class=\"wp-image-2381\" src=\"https:\/\/yawei-powertransformer.com\/wp-content\/uploads\/2026\/04\/PDF-LOGO.png\" alt=\"Documento PDF con el dise\u00f1o del logotipo de la empresa Yawei Transformer\" width=\"80\" height=\"80\" srcset=\"https:\/\/yawei-powertransformer.com\/wp-content\/uploads\/2026\/04\/PDF-LOGO.png 500w, https:\/\/yawei-powertransformer.com\/wp-content\/uploads\/2026\/04\/PDF-LOGO-300x300.png 300w, https:\/\/yawei-powertransformer.com\/wp-content\/uploads\/2026\/04\/PDF-LOGO-150x150.png 150w, https:\/\/yawei-powertransformer.com\/wp-content\/uploads\/2026\/04\/PDF-LOGO-12x12.png 12w, https:\/\/yawei-powertransformer.com\/wp-content\/uploads\/2026\/04\/PDF-LOGO-100x100.png 100w\" sizes=\"auto, (max-width: 80px) 100vw, 80px\" \/>Cat\u00e1logo de productos de transformadores Yawei<\/p>\n\t\t<\/div>\n\t\t\t\t\t<\/div>\n\n\t\n\n\t<div id=\"col-2011366503\" class=\"col medium-3 small-12 large-3\"  >\n\t\t\t\t<div class=\"col-inner\"  >\n\t\t\t\n\t\t\t\n<a href=\"https:\/\/yawei-powertransformer.com\/wp-content\/uploads\/2026\/04\/Yawei-Transformer-China-Power-Transformer-Manufacturer-Product-Catalog-\u2013-10kV-to-500kV-IEC-IEEE-Standard-Oil-Immersed-and-Dry-Type-Transformer-Technical-Brochure.pdf\" target=\"_blank\" class=\"button primary\" rel=\"noopener\"  style=\"padding:20px 20px 20px 20px;\">\n    <span>Descargar<\/span>\n  <\/a>\n\n\t\t<\/div>\n\t\t\t\t\t<\/div>\n\n\t\n<\/div>\n\t\t<\/div>\n\t\t\t\t\t<\/div>\n\n\t\n\n\t<div id=\"col-1760642373\" class=\"col medium-6 small-12 large-6\"  >\n\t\t\t\t<div class=\"col-inner\"  >\n\t\t\t\n\t\t\t\n<div class=\"row\"  id=\"row-2079735784\">\n\n\t<div id=\"col-188960480\" class=\"col medium-8 small-12 large-8\"  >\n\t\t\t\t<div class=\"col-inner\"  >\n\t\t\t\n\t\t\t\n<p><img loading=\"lazy\" decoding=\"async\" class=\"wp-image-2381\" src=\"https:\/\/yawei-powertransformer.com\/wp-content\/uploads\/2026\/04\/PDF-LOGO.png\" alt=\"Documento PDF con el dise\u00f1o del logotipo de la empresa Yawei Transformer\" width=\"80\" height=\"80\" srcset=\"https:\/\/yawei-powertransformer.com\/wp-content\/uploads\/2026\/04\/PDF-LOGO.png 500w, https:\/\/yawei-powertransformer.com\/wp-content\/uploads\/2026\/04\/PDF-LOGO-300x300.png 300w, https:\/\/yawei-powertransformer.com\/wp-content\/uploads\/2026\/04\/PDF-LOGO-150x150.png 150w, https:\/\/yawei-powertransformer.com\/wp-content\/uploads\/2026\/04\/PDF-LOGO-12x12.png 12w, https:\/\/yawei-powertransformer.com\/wp-content\/uploads\/2026\/04\/PDF-LOGO-100x100.png 100w\" sizes=\"auto, (max-width: 80px) 100vw, 80px\" \/>Instalaci\u00f3n in situ de transformadores de potencia<\/p>\n\t\t<\/div>\n\t\t\t\t\t<\/div>\n\n\t\n\n\t<div id=\"col-1300583287\" class=\"col medium-4 small-12 large-4\"  >\n\t\t\t\t<div class=\"col-inner\"  >\n\t\t\t\n\t\t\t\n<a href=\"https:\/\/yawei-powertransformer.com\/wp-content\/uploads\/2026\/04\/On-Site-Installation-of-Power-Transformers-\u2013-Yawei-Transformer.pptx\" target=\"_blank\" class=\"button primary\" rel=\"noopener\"  style=\"padding:20px 20px 20px 20px;\">\n    <span>Descargar<\/span>\n  <\/a>\n\n\t\t<\/div>\n\t\t\t\t\t<\/div>\n\n\t\n<\/div>\n\t\t<\/div>\n\t\t\t\t\t<\/div>\n\n\t\n<\/div>\n<div class=\"row\"  id=\"row-1038167078\">\n\n\t<div id=\"col-2034203596\" class=\"col medium-6 small-12 large-6\"  >\n\t\t\t\t<div class=\"col-inner\"  >\n\t\t\t\n\t\t\t\n<div class=\"row\"  id=\"row-662516195\">\n\n\t<div id=\"col-825736914\" class=\"col medium-8 small-12 large-8\"  >\n\t\t\t\t<div class=\"col-inner\"  >\n\t\t\t\n\t\t\t\n<p><img loading=\"lazy\" decoding=\"async\" class=\"wp-image-2381\" src=\"https:\/\/yawei-powertransformer.com\/wp-content\/uploads\/2026\/04\/PDF-LOGO.png\" alt=\"Documento PDF con el dise\u00f1o del logotipo de la empresa Yawei Transformer\" width=\"80\" height=\"80\" srcset=\"https:\/\/yawei-powertransformer.com\/wp-content\/uploads\/2026\/04\/PDF-LOGO.png 500w, https:\/\/yawei-powertransformer.com\/wp-content\/uploads\/2026\/04\/PDF-LOGO-300x300.png 300w, https:\/\/yawei-powertransformer.com\/wp-content\/uploads\/2026\/04\/PDF-LOGO-150x150.png 150w, https:\/\/yawei-powertransformer.com\/wp-content\/uploads\/2026\/04\/PDF-LOGO-12x12.png 12w, https:\/\/yawei-powertransformer.com\/wp-content\/uploads\/2026\/04\/PDF-LOGO-100x100.png 100w\" sizes=\"auto, (max-width: 80px) 100vw, 80px\" \/>Transformador de potencia seco Gu\u00eda de instalaci\u00f3n y uso<\/p>\n\t\t<\/div>\n\t\t\t\t\t<\/div>\n\n\t\n\n\t<div id=\"col-137182199\" class=\"col medium-4 small-12 large-4\"  >\n\t\t\t\t<div class=\"col-inner\"  >\n\t\t\t\n\t\t\t\n<a href=\"https:\/\/yawei-powertransformer.com\/wp-content\/uploads\/2026\/04\/Dry-Type-Power-Transformer-Installation-User-Guide.pdf\" target=\"_blank\" class=\"button primary\" rel=\"noopener\"  style=\"padding:20px 20px 20px 20px;\">\n    <span>Descargar<\/span>\n  <\/a>\n\n\t\t<\/div>\n\t\t\t\t\t<\/div>\n\n\t\n<\/div>\n\t\t<\/div>\n\t\t\t\t\t<\/div>\n\n\t\n\n\t<div id=\"col-1661213226\" class=\"col medium-6 small-12 large-6\"  >\n\t\t\t\t<div class=\"col-inner\"  >\n\t\t\t\n\t\t\t\n\t\t<\/div>\n\t\t\t\t\t<\/div>\n\n\t\n<\/div>","protected":false},"excerpt":{"rendered":"","protected":false},"author":3,"featured_media":0,"parent":0,"menu_order":0,"comment_status":"closed","ping_status":"closed","template":"page-blank.php","meta":{"footnotes":""},"class_list":["post-2379","page","type-page","status-publish","hentry"],"yoast_head":"<!-- This site is optimized with the Yoast SEO plugin v26.6 - https:\/\/yoast.com\/wordpress\/plugins\/seo\/ -->\n<title>Download Transformer Catalogs &amp; Technical Documents | Yawei Transformer PDF Brochures &amp; Specifications<\/title>\n<meta name=\"description\" content=\"Download Yawei Transformer technical catalogs, product brochures, and specifications including power transformers, dry type transformers, pad mounted transformers, pole mounted transformers, and high voltage solutions. Access detailed datasheets, certifications, and engineering documents for global utility, EPC, and industrial projects.\" \/>\n<meta name=\"robots\" content=\"index, follow, max-snippet:-1, max-image-preview:large, max-video-preview:-1\" \/>\n<link rel=\"canonical\" href=\"https:\/\/yawei-powertransformer.com\/es\/download\/\" \/>\n<meta property=\"og:locale\" content=\"es_ES\" \/>\n<meta property=\"og:type\" content=\"article\" \/>\n<meta property=\"og:title\" content=\"Download Transformer Catalogs &amp; Technical Documents | Yawei Transformer PDF Brochures &amp; Specifications\" \/>\n<meta property=\"og:description\" content=\"Download Yawei Transformer technical catalogs, product brochures, and specifications including power transformers, dry type transformers, pad mounted transformers, pole mounted transformers, and high voltage solutions. Access detailed datasheets, certifications, and engineering documents for global utility, EPC, and industrial projects.\" \/>\n<meta property=\"og:url\" content=\"https:\/\/yawei-powertransformer.com\/es\/download\/\" \/>\n<meta property=\"og:site_name\" content=\"Electrical Power Transformer Manufacturer | 0.11\u2013500kV, 15kVA\u20131200MVA \u2013 Sichuan Yawei Transformer\" \/>\n<meta property=\"article:modified_time\" content=\"2026-04-30T08:13:15+00:00\" \/>\n<meta property=\"og:image\" content=\"https:\/\/yawei-powertransformer.com\/wp-content\/uploads\/2026\/04\/PDF-LOGO.png\" \/>\n\t<meta property=\"og:image:width\" content=\"500\" \/>\n\t<meta property=\"og:image:height\" content=\"500\" \/>\n\t<meta property=\"og:image:type\" content=\"image\/png\" \/>\n<meta name=\"twitter:card\" content=\"summary_large_image\" \/>\n<meta name=\"twitter:label1\" content=\"Tiempo de lectura\" \/>\n\t<meta name=\"twitter:data1\" content=\"1 minuto\" \/>\n<script type=\"application\/ld+json\" class=\"yoast-schema-graph\">{\"@context\":\"https:\/\/schema.org\",\"@graph\":[{\"@type\":\"WebPage\",\"@id\":\"https:\/\/yawei-powertransformer.com\/download\/\",\"url\":\"https:\/\/yawei-powertransformer.com\/download\/\",\"name\":\"Download Transformer Catalogs & Technical Documents | Yawei Transformer PDF Brochures & Specifications\",\"isPartOf\":{\"@id\":\"https:\/\/yawei-powertransformer.com\/#website\"},\"primaryImageOfPage\":{\"@id\":\"https:\/\/yawei-powertransformer.com\/download\/#primaryimage\"},\"image\":{\"@id\":\"https:\/\/yawei-powertransformer.com\/download\/#primaryimage\"},\"thumbnailUrl\":\"https:\/\/yawei-powertransformer.com\/wp-content\/uploads\/2026\/04\/PDF-LOGO.png\",\"datePublished\":\"2026-04-30T06:24:50+00:00\",\"dateModified\":\"2026-04-30T08:13:15+00:00\",\"description\":\"Download Yawei Transformer technical catalogs, product brochures, and specifications including power transformers, dry type transformers, pad mounted transformers, pole mounted transformers, and high voltage solutions. Access detailed datasheets, certifications, and engineering documents for global utility, EPC, and industrial projects.\",\"breadcrumb\":{\"@id\":\"https:\/\/yawei-powertransformer.com\/download\/#breadcrumb\"},\"inLanguage\":\"es\",\"potentialAction\":[{\"@type\":\"ReadAction\",\"target\":[\"https:\/\/yawei-powertransformer.com\/download\/\"]}]},{\"@type\":\"ImageObject\",\"inLanguage\":\"es\",\"@id\":\"https:\/\/yawei-powertransformer.com\/download\/#primaryimage\",\"url\":\"https:\/\/yawei-powertransformer.com\/wp-content\/uploads\/2026\/04\/PDF-LOGO.png\",\"contentUrl\":\"https:\/\/yawei-powertransformer.com\/wp-content\/uploads\/2026\/04\/PDF-LOGO.png\"},{\"@type\":\"BreadcrumbList\",\"@id\":\"https:\/\/yawei-powertransformer.com\/download\/#breadcrumb\",\"itemListElement\":[{\"@type\":\"ListItem\",\"position\":1,\"name\":\"Home\",\"item\":\"https:\/\/yawei-powertransformer.com\/\"},{\"@type\":\"ListItem\",\"position\":2,\"name\":\"Download\"}]},{\"@type\":\"WebSite\",\"@id\":\"https:\/\/yawei-powertransformer.com\/#website\",\"url\":\"https:\/\/yawei-powertransformer.com\/\",\"name\":\"Electrical Power Transformer Manufacturer | 0.11\u2013500kV, 15kVA\u20131200MVA \u2013 Sichuan Yawei Transformer\",\"description\":\"Yawei Transformer is a professional China-based electrical power transformer manufacturer and factory, specializing in customized transformer solutions with voltage ratings from 0.11kV to 500kV and capacities from 15kVA to 1200MVA. Our products include distribution, pad-mounted, pole-mounted, dry-type, oil-immersed, and high-voltage power transformers, meeting UL, CE, and ISO standards and supplied to customers across the USA, Canada, and global markets.\",\"potentialAction\":[{\"@type\":\"SearchAction\",\"target\":{\"@type\":\"EntryPoint\",\"urlTemplate\":\"https:\/\/yawei-powertransformer.com\/?s={search_term_string}\"},\"query-input\":{\"@type\":\"PropertyValueSpecification\",\"valueRequired\":true,\"valueName\":\"search_term_string\"}}],\"inLanguage\":\"es\"}]}<\/script>\n<!-- \/ Yoast SEO plugin. -->","yoast_head_json":{"title":"Download Transformador Cat\u00e1logos y Documentos T\u00e9cnicos | Yawei Transformador PDF Folletos y Especificaciones","description":"Descargue cat\u00e1logos t\u00e9cnicos, folletos de productos y especificaciones de Yawei Transformer, incluidos transformadores de potencia, transformadores de tipo seco, transformadores montados en pedestal, transformadores montados en poste y soluciones de alta tensi\u00f3n. Acceda a fichas t\u00e9cnicas detalladas, certificaciones y documentos de ingenier\u00eda para proyectos industriales, EPC y de servicios p\u00fablicos globales.","robots":{"index":"index","follow":"follow","max-snippet":"max-snippet:-1","max-image-preview":"max-image-preview:large","max-video-preview":"max-video-preview:-1"},"canonical":"https:\/\/yawei-powertransformer.com\/es\/download\/","og_locale":"es_ES","og_type":"article","og_title":"Download Transformer Catalogs & Technical Documents | Yawei Transformer PDF Brochures & Specifications","og_description":"Download Yawei Transformer technical catalogs, product brochures, and specifications including power transformers, dry type transformers, pad mounted transformers, pole mounted transformers, and high voltage solutions. Access detailed datasheets, certifications, and engineering documents for global utility, EPC, and industrial projects.","og_url":"https:\/\/yawei-powertransformer.com\/es\/download\/","og_site_name":"Electrical Power Transformer Manufacturer | 0.11\u2013500kV, 15kVA\u20131200MVA \u2013 Sichuan Yawei Transformer","article_modified_time":"2026-04-30T08:13:15+00:00","og_image":[{"width":500,"height":500,"url":"https:\/\/yawei-powertransformer.com\/wp-content\/uploads\/2026\/04\/PDF-LOGO.png","type":"image\/png"}],"twitter_card":"summary_large_image","twitter_misc":{"Tiempo de lectura":"1 minuto"},"schema":{"@context":"https:\/\/schema.org","@graph":[{"@type":"WebPage","@id":"https:\/\/yawei-powertransformer.com\/download\/","url":"https:\/\/yawei-powertransformer.com\/download\/","name":"Download Transformador Cat\u00e1logos y Documentos T\u00e9cnicos | Yawei Transformador PDF Folletos y Especificaciones","isPartOf":{"@id":"https:\/\/yawei-powertransformer.com\/#website"},"primaryImageOfPage":{"@id":"https:\/\/yawei-powertransformer.com\/download\/#primaryimage"},"image":{"@id":"https:\/\/yawei-powertransformer.com\/download\/#primaryimage"},"thumbnailUrl":"https:\/\/yawei-powertransformer.com\/wp-content\/uploads\/2026\/04\/PDF-LOGO.png","datePublished":"2026-04-30T06:24:50+00:00","dateModified":"2026-04-30T08:13:15+00:00","description":"Descargue cat\u00e1logos t\u00e9cnicos, folletos de productos y especificaciones de Yawei Transformer, incluidos transformadores de potencia, transformadores de tipo seco, transformadores montados en pedestal, transformadores montados en poste y soluciones de alta tensi\u00f3n. Acceda a fichas t\u00e9cnicas detalladas, certificaciones y documentos de ingenier\u00eda para proyectos industriales, EPC y de servicios p\u00fablicos globales.","breadcrumb":{"@id":"https:\/\/yawei-powertransformer.com\/download\/#breadcrumb"},"inLanguage":"es","potentialAction":[{"@type":"ReadAction","target":["https:\/\/yawei-powertransformer.com\/download\/"]}]},{"@type":"ImageObject","inLanguage":"es","@id":"https:\/\/yawei-powertransformer.com\/download\/#primaryimage","url":"https:\/\/yawei-powertransformer.com\/wp-content\/uploads\/2026\/04\/PDF-LOGO.png","contentUrl":"https:\/\/yawei-powertransformer.com\/wp-content\/uploads\/2026\/04\/PDF-LOGO.png"},{"@type":"BreadcrumbList","@id":"https:\/\/yawei-powertransformer.com\/download\/#breadcrumb","itemListElement":[{"@type":"ListItem","position":1,"name":"Home","item":"https:\/\/yawei-powertransformer.com\/"},{"@type":"ListItem","position":2,"name":"Download"}]},{"@type":"WebSite","@id":"https:\/\/yawei-powertransformer.com\/#website","url":"https:\/\/yawei-powertransformer.com\/","name":"Fabricante de transformadores el\u00e9ctricos de potencia | 0.11-500kV, 15kVA-1200MVA - Transformador Sichuan Yawei","description":"Yawei Transformer es un fabricante y f\u00e1brica profesional de transformadores de energ\u00eda el\u00e9ctrica ubicado en China, especializado en soluciones de transformadores personalizados con \u00edndices de voltaje desde 0.11kV a 500kV y capacidades desde 15kVA a 1200MVA. Nuestros productos incluyen transformadores de potencia de distribuci\u00f3n, montados en pedestal, montados en poste, tipo seco, sumergidos en aceite y de alto voltaje, cumpliendo con los est\u00e1ndares UL, CE e ISO y suministrados a clientes en Estados Unidos, Canad\u00e1 y mercados globales.","potentialAction":[{"@type":"SearchAction","target":{"@type":"EntryPoint","urlTemplate":"https:\/\/yawei-powertransformer.com\/?s={search_term_string}"},"query-input":{"@type":"PropertyValueSpecification","valueRequired":true,"valueName":"search_term_string"}}],"inLanguage":"es"}]}},"_links":{"self":[{"href":"https:\/\/yawei-powertransformer.com\/es\/wp-json\/wp\/v2\/pages\/2379","targetHints":{"allow":["GET"]}}],"collection":[{"href":"https:\/\/yawei-powertransformer.com\/es\/wp-json\/wp\/v2\/pages"}],"about":[{"href":"https:\/\/yawei-powertransformer.com\/es\/wp-json\/wp\/v2\/types\/page"}],"author":[{"embeddable":true,"href":"https:\/\/yawei-powertransformer.com\/es\/wp-json\/wp\/v2\/users\/3"}],"replies":[{"embeddable":true,"href":"https:\/\/yawei-powertransformer.com\/es\/wp-json\/wp\/v2\/comments?post=2379"}],"version-history":[{"count":12,"href":"https:\/\/yawei-powertransformer.com\/es\/wp-json\/wp\/v2\/pages\/2379\/revisions"}],"predecessor-version":[{"id":2398,"href":"https:\/\/yawei-powertransformer.com\/es\/wp-json\/wp\/v2\/pages\/2379\/revisions\/2398"}],"wp:attachment":[{"href":"https:\/\/yawei-powertransformer.com\/es\/wp-json\/wp\/v2\/media?parent=2379"}],"curies":[{"name":"wp","href":"https:\/\/api.w.org\/{rel}","templated":true}]}}