{"id":2379,"date":"2026-04-30T06:24:50","date_gmt":"2026-04-30T06:24:50","guid":{"rendered":"https:\/\/yawei-powertransformer.com\/?page_id=2379"},"modified":"2026-04-30T08:13:15","modified_gmt":"2026-04-30T08:13:15","slug":"download","status":"publish","type":"page","link":"https:\/\/yawei-powertransformer.com\/fr\/download\/","title":{"rendered":"T\u00e9l\u00e9charger"},"content":{"rendered":"<div class=\"banner has-hover\" id=\"banner-944821170\">\n          <div class=\"banner-inner fill\">\n        <div class=\"banner-bg fill\" >\n            <div class=\"bg fill bg-fill\"><\/div>\n                        <div class=\"overlay\"><\/div>            \n                    <\/div>\n\t\t\n        <div class=\"banner-layers container\">\n            <div class=\"fill banner-link\"><\/div>            \n   <div id=\"text-box-1102136733\" class=\"text-box banner-layer x0 md-x0 lg-x0 y70 md-y70 lg-y70 res-text\">\n                                <div class=\"text-box-content text dark\">\n              \n              <div class=\"text-inner text-center\">\n                  \n<h2 style=\"text-align: left;\" data-start=\"68\" data-end=\"149\">Centre de t\u00e9l\u00e9chargement\u00a0<\/h2>\n<div class=\"flex max-w-full flex-col gap-4 grow\">\n<div class=\"min-h-8 text-message relative flex w-full flex-col items-end gap-2 text-start break-words whitespace-normal outline-none keyboard-focused:focus-ring &#091;.text-message+&amp;&#093;:mt-1\" dir=\"auto\" tabindex=\"0\" data-message-author-role=\"assistant\" data-message-id=\"ebf7251e-189f-4da5-b9b1-d692b60b28c8\" data-message-model-slug=\"gpt-5-3-mini\" data-turn-start-message=\"true\">\n<div class=\"flex w-full flex-col gap-1 empty:hidden\">\n<div class=\"markdown prose dark:prose-invert w-full wrap-break-word light markdown-new-styling\">\n<p style=\"text-align: left;\" data-start=\"151\" data-end=\"374\" data-is-last-node=\"\" data-is-only-node=\"\">Documents techniques et ressources produits - Acc\u00e9dez \u00e0 des catalogues, des brochures produits, des manuels d'entretien et des profils d'entreprises. <span class=\"hover:entity-accent entity-underline inline cursor-pointer align-baseline\"><span class=\"whitespace-normal\">Transformateur Yawei<\/span><\/span>. Toutes les ressources essentielles pour les solutions de transformateurs de puissance 10kV-500kV en un seul endroit.<\/p>\n<\/div>\n<\/div>\n<\/div>\n<\/div>\n              <\/div>\n           <\/div>\n                            \n<style>\n#text-box-1102136733 {\n  width: 60%;\n}\n#text-box-1102136733 .text-box-content {\n  font-size: 100%;\n}\n<\/style>\n    <\/div>\n \n        <\/div>\n      <\/div>\n\n            \n<style>\n#banner-944821170 {\n  padding-top: 600px;\n  background-color: rgb(255, 255, 255);\n}\n#banner-944821170 .bg.bg-loaded {\n  background-image: url(https:\/\/yawei-powertransformer.com\/wp-content\/uploads\/2026\/04\/Power-Transformer-Catalog-Download-10kV\u2013500kV-IECIEEE-Certified-Substation-Grid-Solutions-by-Yawei-Transformer-China-Manufacturer.webp);\n}\n#banner-944821170 .overlay {\n  background-color: rgba(0, 0, 0, 0.43);\n}\n<\/style>\n  <\/div>\n\n\n<div class=\"row\"  id=\"row-1919243104\">\n\n\t<div id=\"col-935584287\" class=\"col medium-6 small-12 large-6\"  >\n\t\t\t\t<div class=\"col-inner\"  >\n\t\t\t\n\t\t\t\n<div class=\"row\"  id=\"row-1440646857\">\n\n\t<div id=\"col-1818354105\" class=\"col medium-8 small-12 large-8\"  >\n\t\t\t\t<div class=\"col-inner\"  >\n\t\t\t\n\t\t\t\n<p><img loading=\"lazy\" decoding=\"async\" class=\"wp-image-2381\" src=\"https:\/\/yawei-powertransformer.com\/wp-content\/uploads\/2026\/04\/PDF-LOGO.png\" alt=\"PDF document featuring Yawei Transformer company logo design\" width=\"80\" height=\"80\" srcset=\"https:\/\/yawei-powertransformer.com\/wp-content\/uploads\/2026\/04\/PDF-LOGO.png 500w, https:\/\/yawei-powertransformer.com\/wp-content\/uploads\/2026\/04\/PDF-LOGO-300x300.png 300w, https:\/\/yawei-powertransformer.com\/wp-content\/uploads\/2026\/04\/PDF-LOGO-150x150.png 150w, https:\/\/yawei-powertransformer.com\/wp-content\/uploads\/2026\/04\/PDF-LOGO-12x12.png 12w, https:\/\/yawei-powertransformer.com\/wp-content\/uploads\/2026\/04\/PDF-LOGO-100x100.png 100w\" sizes=\"auto, (max-width: 80px) 100vw, 80px\" \/>Catalogue de produits des transformateurs Yawei<\/p>\n\t\t<\/div>\n\t\t\t\t\t<\/div>\n\n\t\n\n\t<div id=\"col-545849304\" class=\"col medium-3 small-12 large-3\"  >\n\t\t\t\t<div class=\"col-inner\"  >\n\t\t\t\n\t\t\t\n<a href=\"https:\/\/yawei-powertransformer.com\/wp-content\/uploads\/2026\/04\/Yawei-Transformer-China-Power-Transformer-Manufacturer-Product-Catalog-\u2013-10kV-to-500kV-IEC-IEEE-Standard-Oil-Immersed-and-Dry-Type-Transformer-Technical-Brochure.pdf\" target=\"_blank\" class=\"button primary\" rel=\"noopener\"  style=\"padding:20px 20px 20px 20px;\">\n    <span>T\u00e9l\u00e9charger<\/span>\n  <\/a>\n\n\t\t<\/div>\n\t\t\t\t\t<\/div>\n\n\t\n<\/div>\n\t\t<\/div>\n\t\t\t\t\t<\/div>\n\n\t\n\n\t<div id=\"col-1294451840\" class=\"col medium-6 small-12 large-6\"  >\n\t\t\t\t<div class=\"col-inner\"  >\n\t\t\t\n\t\t\t\n<div class=\"row\"  id=\"row-1935719765\">\n\n\t<div id=\"col-1041107503\" class=\"col medium-8 small-12 large-8\"  >\n\t\t\t\t<div class=\"col-inner\"  >\n\t\t\t\n\t\t\t\n<p><img loading=\"lazy\" decoding=\"async\" class=\"wp-image-2381\" src=\"https:\/\/yawei-powertransformer.com\/wp-content\/uploads\/2026\/04\/PDF-LOGO.png\" alt=\"PDF document featuring Yawei Transformer company logo design\" width=\"80\" height=\"80\" srcset=\"https:\/\/yawei-powertransformer.com\/wp-content\/uploads\/2026\/04\/PDF-LOGO.png 500w, https:\/\/yawei-powertransformer.com\/wp-content\/uploads\/2026\/04\/PDF-LOGO-300x300.png 300w, https:\/\/yawei-powertransformer.com\/wp-content\/uploads\/2026\/04\/PDF-LOGO-150x150.png 150w, https:\/\/yawei-powertransformer.com\/wp-content\/uploads\/2026\/04\/PDF-LOGO-12x12.png 12w, https:\/\/yawei-powertransformer.com\/wp-content\/uploads\/2026\/04\/PDF-LOGO-100x100.png 100w\" sizes=\"auto, (max-width: 80px) 100vw, 80px\" \/>Installation sur site de transformateurs \u00e9lectriques<\/p>\n\t\t<\/div>\n\t\t\t\t\t<\/div>\n\n\t\n\n\t<div id=\"col-1565959448\" class=\"col medium-4 small-12 large-4\"  >\n\t\t\t\t<div class=\"col-inner\"  >\n\t\t\t\n\t\t\t\n<a href=\"https:\/\/yawei-powertransformer.com\/wp-content\/uploads\/2026\/04\/On-Site-Installation-of-Power-Transformers-\u2013-Yawei-Transformer.pptx\" target=\"_blank\" class=\"button primary\" rel=\"noopener\"  style=\"padding:20px 20px 20px 20px;\">\n    <span>T\u00e9l\u00e9charger<\/span>\n  <\/a>\n\n\t\t<\/div>\n\t\t\t\t\t<\/div>\n\n\t\n<\/div>\n\t\t<\/div>\n\t\t\t\t\t<\/div>\n\n\t\n<\/div>\n<div class=\"row\"  id=\"row-117903489\">\n\n\t<div id=\"col-697441294\" class=\"col medium-6 small-12 large-6\"  >\n\t\t\t\t<div class=\"col-inner\"  >\n\t\t\t\n\t\t\t\n<div class=\"row\"  id=\"row-2110280982\">\n\n\t<div id=\"col-95259187\" class=\"col medium-8 small-12 large-8\"  >\n\t\t\t\t<div class=\"col-inner\"  >\n\t\t\t\n\t\t\t\n<p><img loading=\"lazy\" decoding=\"async\" class=\"wp-image-2381\" src=\"https:\/\/yawei-powertransformer.com\/wp-content\/uploads\/2026\/04\/PDF-LOGO.png\" alt=\"PDF document featuring Yawei Transformer company logo design\" width=\"80\" height=\"80\" srcset=\"https:\/\/yawei-powertransformer.com\/wp-content\/uploads\/2026\/04\/PDF-LOGO.png 500w, https:\/\/yawei-powertransformer.com\/wp-content\/uploads\/2026\/04\/PDF-LOGO-300x300.png 300w, https:\/\/yawei-powertransformer.com\/wp-content\/uploads\/2026\/04\/PDF-LOGO-150x150.png 150w, https:\/\/yawei-powertransformer.com\/wp-content\/uploads\/2026\/04\/PDF-LOGO-12x12.png 12w, https:\/\/yawei-powertransformer.com\/wp-content\/uploads\/2026\/04\/PDF-LOGO-100x100.png 100w\" sizes=\"auto, (max-width: 80px) 100vw, 80px\" \/>Transformateur de puissance \u00e0 sec Guide d'installation et d'utilisation<\/p>\n\t\t<\/div>\n\t\t\t\t\t<\/div>\n\n\t\n\n\t<div id=\"col-1178655708\" class=\"col medium-4 small-12 large-4\"  >\n\t\t\t\t<div class=\"col-inner\"  >\n\t\t\t\n\t\t\t\n<a href=\"https:\/\/yawei-powertransformer.com\/wp-content\/uploads\/2026\/04\/Dry-Type-Power-Transformer-Installation-User-Guide.pdf\" target=\"_blank\" class=\"button primary\" rel=\"noopener\"  style=\"padding:20px 20px 20px 20px;\">\n    <span>T\u00e9l\u00e9charger<\/span>\n  <\/a>\n\n\t\t<\/div>\n\t\t\t\t\t<\/div>\n\n\t\n<\/div>\n\t\t<\/div>\n\t\t\t\t\t<\/div>\n\n\t\n\n\t<div id=\"col-934076369\" class=\"col medium-6 small-12 large-6\"  >\n\t\t\t\t<div class=\"col-inner\"  >\n\t\t\t\n\t\t\t\n\t\t<\/div>\n\t\t\t\t\t<\/div>\n\n\t\n<\/div>","protected":false},"excerpt":{"rendered":"","protected":false},"author":3,"featured_media":0,"parent":0,"menu_order":0,"comment_status":"closed","ping_status":"closed","template":"page-blank.php","meta":{"footnotes":""},"class_list":["post-2379","page","type-page","status-publish","hentry"],"yoast_head":"<!-- This site is optimized with the Yoast SEO plugin v26.6 - https:\/\/yoast.com\/wordpress\/plugins\/seo\/ -->\n<title>Download Transformer Catalogs &amp; Technical Documents | Yawei Transformer PDF Brochures &amp; Specifications<\/title>\n<meta name=\"description\" content=\"Download Yawei Transformer technical catalogs, product brochures, and specifications including power transformers, dry type transformers, pad mounted transformers, pole mounted transformers, and high voltage solutions. Access detailed datasheets, certifications, and engineering documents for global utility, EPC, and industrial projects.\" \/>\n<meta name=\"robots\" content=\"index, follow, max-snippet:-1, max-image-preview:large, max-video-preview:-1\" \/>\n<link rel=\"canonical\" href=\"https:\/\/yawei-powertransformer.com\/fr\/download\/\" \/>\n<meta property=\"og:locale\" content=\"fr_FR\" \/>\n<meta property=\"og:type\" content=\"article\" \/>\n<meta property=\"og:title\" content=\"Download Transformer Catalogs &amp; Technical Documents | Yawei Transformer PDF Brochures &amp; Specifications\" \/>\n<meta property=\"og:description\" content=\"Download Yawei Transformer technical catalogs, product brochures, and specifications including power transformers, dry type transformers, pad mounted transformers, pole mounted transformers, and high voltage solutions. Access detailed datasheets, certifications, and engineering documents for global utility, EPC, and industrial projects.\" \/>\n<meta property=\"og:url\" content=\"https:\/\/yawei-powertransformer.com\/fr\/download\/\" \/>\n<meta property=\"og:site_name\" content=\"Electrical Power Transformer Manufacturer | 0.11\u2013500kV, 15kVA\u20131200MVA \u2013 Sichuan Yawei Transformer\" \/>\n<meta property=\"article:modified_time\" content=\"2026-04-30T08:13:15+00:00\" \/>\n<meta property=\"og:image\" content=\"https:\/\/yawei-powertransformer.com\/wp-content\/uploads\/2026\/04\/PDF-LOGO.png\" \/>\n\t<meta property=\"og:image:width\" content=\"500\" \/>\n\t<meta property=\"og:image:height\" content=\"500\" \/>\n\t<meta property=\"og:image:type\" content=\"image\/png\" \/>\n<meta name=\"twitter:card\" content=\"summary_large_image\" \/>\n<meta name=\"twitter:label1\" content=\"Dur\u00e9e de lecture estim\u00e9e\" \/>\n\t<meta name=\"twitter:data1\" content=\"1 minute\" \/>\n<script type=\"application\/ld+json\" class=\"yoast-schema-graph\">{\"@context\":\"https:\/\/schema.org\",\"@graph\":[{\"@type\":\"WebPage\",\"@id\":\"https:\/\/yawei-powertransformer.com\/download\/\",\"url\":\"https:\/\/yawei-powertransformer.com\/download\/\",\"name\":\"Download Transformer Catalogs & Technical Documents | Yawei Transformer PDF Brochures & Specifications\",\"isPartOf\":{\"@id\":\"https:\/\/yawei-powertransformer.com\/#website\"},\"primaryImageOfPage\":{\"@id\":\"https:\/\/yawei-powertransformer.com\/download\/#primaryimage\"},\"image\":{\"@id\":\"https:\/\/yawei-powertransformer.com\/download\/#primaryimage\"},\"thumbnailUrl\":\"https:\/\/yawei-powertransformer.com\/wp-content\/uploads\/2026\/04\/PDF-LOGO.png\",\"datePublished\":\"2026-04-30T06:24:50+00:00\",\"dateModified\":\"2026-04-30T08:13:15+00:00\",\"description\":\"Download Yawei Transformer technical catalogs, product brochures, and specifications including power transformers, dry type transformers, pad mounted transformers, pole mounted transformers, and high voltage solutions. Access detailed datasheets, certifications, and engineering documents for global utility, EPC, and industrial projects.\",\"breadcrumb\":{\"@id\":\"https:\/\/yawei-powertransformer.com\/download\/#breadcrumb\"},\"inLanguage\":\"fr-FR\",\"potentialAction\":[{\"@type\":\"ReadAction\",\"target\":[\"https:\/\/yawei-powertransformer.com\/download\/\"]}]},{\"@type\":\"ImageObject\",\"inLanguage\":\"fr-FR\",\"@id\":\"https:\/\/yawei-powertransformer.com\/download\/#primaryimage\",\"url\":\"https:\/\/yawei-powertransformer.com\/wp-content\/uploads\/2026\/04\/PDF-LOGO.png\",\"contentUrl\":\"https:\/\/yawei-powertransformer.com\/wp-content\/uploads\/2026\/04\/PDF-LOGO.png\"},{\"@type\":\"BreadcrumbList\",\"@id\":\"https:\/\/yawei-powertransformer.com\/download\/#breadcrumb\",\"itemListElement\":[{\"@type\":\"ListItem\",\"position\":1,\"name\":\"Home\",\"item\":\"https:\/\/yawei-powertransformer.com\/\"},{\"@type\":\"ListItem\",\"position\":2,\"name\":\"Download\"}]},{\"@type\":\"WebSite\",\"@id\":\"https:\/\/yawei-powertransformer.com\/#website\",\"url\":\"https:\/\/yawei-powertransformer.com\/\",\"name\":\"Electrical Power Transformer Manufacturer | 0.11\u2013500kV, 15kVA\u20131200MVA \u2013 Sichuan Yawei Transformer\",\"description\":\"Yawei Transformer is a professional China-based electrical power transformer manufacturer and factory, specializing in customized transformer solutions with voltage ratings from 0.11kV to 500kV and capacities from 15kVA to 1200MVA. Our products include distribution, pad-mounted, pole-mounted, dry-type, oil-immersed, and high-voltage power transformers, meeting UL, CE, and ISO standards and supplied to customers across the USA, Canada, and global markets.\",\"potentialAction\":[{\"@type\":\"SearchAction\",\"target\":{\"@type\":\"EntryPoint\",\"urlTemplate\":\"https:\/\/yawei-powertransformer.com\/?s={search_term_string}\"},\"query-input\":{\"@type\":\"PropertyValueSpecification\",\"valueRequired\":true,\"valueName\":\"search_term_string\"}}],\"inLanguage\":\"fr-FR\"}]}<\/script>\n<!-- \/ Yoast SEO plugin. -->","yoast_head_json":{"title":"T\u00e9l\u00e9charger les catalogues et documents techniques des transformateurs | Yawei Transformer PDF Brochures &amp; Specifications","description":"T\u00e9l\u00e9chargez les catalogues techniques, les brochures de produits et les sp\u00e9cifications de Yawei Transformer, y compris les transformateurs de puissance, les transformateurs secs, les transformateurs sur socle, les transformateurs sur poteau et les solutions haute tension. Acc\u00e9dez aux fiches techniques d\u00e9taill\u00e9es, aux certifications et aux documents d'ing\u00e9nierie pour les projets industriels, EPC et de services publics mondiaux.","robots":{"index":"index","follow":"follow","max-snippet":"max-snippet:-1","max-image-preview":"max-image-preview:large","max-video-preview":"max-video-preview:-1"},"canonical":"https:\/\/yawei-powertransformer.com\/fr\/download\/","og_locale":"fr_FR","og_type":"article","og_title":"Download Transformer Catalogs & Technical Documents | Yawei Transformer PDF Brochures & Specifications","og_description":"Download Yawei Transformer technical catalogs, product brochures, and specifications including power transformers, dry type transformers, pad mounted transformers, pole mounted transformers, and high voltage solutions. Access detailed datasheets, certifications, and engineering documents for global utility, EPC, and industrial projects.","og_url":"https:\/\/yawei-powertransformer.com\/fr\/download\/","og_site_name":"Electrical Power Transformer Manufacturer | 0.11\u2013500kV, 15kVA\u20131200MVA \u2013 Sichuan Yawei Transformer","article_modified_time":"2026-04-30T08:13:15+00:00","og_image":[{"width":500,"height":500,"url":"https:\/\/yawei-powertransformer.com\/wp-content\/uploads\/2026\/04\/PDF-LOGO.png","type":"image\/png"}],"twitter_card":"summary_large_image","twitter_misc":{"Dur\u00e9e de lecture estim\u00e9e":"1 minute"},"schema":{"@context":"https:\/\/schema.org","@graph":[{"@type":"WebPage","@id":"https:\/\/yawei-powertransformer.com\/download\/","url":"https:\/\/yawei-powertransformer.com\/download\/","name":"T\u00e9l\u00e9charger les catalogues et documents techniques des transformateurs | Yawei Transformer PDF Brochures &amp; Specifications","isPartOf":{"@id":"https:\/\/yawei-powertransformer.com\/#website"},"primaryImageOfPage":{"@id":"https:\/\/yawei-powertransformer.com\/download\/#primaryimage"},"image":{"@id":"https:\/\/yawei-powertransformer.com\/download\/#primaryimage"},"thumbnailUrl":"https:\/\/yawei-powertransformer.com\/wp-content\/uploads\/2026\/04\/PDF-LOGO.png","datePublished":"2026-04-30T06:24:50+00:00","dateModified":"2026-04-30T08:13:15+00:00","description":"T\u00e9l\u00e9chargez les catalogues techniques, les brochures de produits et les sp\u00e9cifications de Yawei Transformer, y compris les transformateurs de puissance, les transformateurs secs, les transformateurs sur socle, les transformateurs sur poteau et les solutions haute tension. Acc\u00e9dez aux fiches techniques d\u00e9taill\u00e9es, aux certifications et aux documents d'ing\u00e9nierie pour les projets industriels, EPC et de services publics mondiaux.","breadcrumb":{"@id":"https:\/\/yawei-powertransformer.com\/download\/#breadcrumb"},"inLanguage":"fr-FR","potentialAction":[{"@type":"ReadAction","target":["https:\/\/yawei-powertransformer.com\/download\/"]}]},{"@type":"ImageObject","inLanguage":"fr-FR","@id":"https:\/\/yawei-powertransformer.com\/download\/#primaryimage","url":"https:\/\/yawei-powertransformer.com\/wp-content\/uploads\/2026\/04\/PDF-LOGO.png","contentUrl":"https:\/\/yawei-powertransformer.com\/wp-content\/uploads\/2026\/04\/PDF-LOGO.png"},{"@type":"BreadcrumbList","@id":"https:\/\/yawei-powertransformer.com\/download\/#breadcrumb","itemListElement":[{"@type":"ListItem","position":1,"name":"Home","item":"https:\/\/yawei-powertransformer.com\/"},{"@type":"ListItem","position":2,"name":"Download"}]},{"@type":"WebSite","@id":"https:\/\/yawei-powertransformer.com\/#website","url":"https:\/\/yawei-powertransformer.com\/","name":"Fabricant de transformateurs de puissance \u00e9lectrique | 0.11-500kV, 15kVA-1200MVA - Sichuan Yawei Transformer","description":"Yawei Transformer est un fabricant et une usine de transformateurs \u00e9lectriques professionnels bas\u00e9s en Chine, sp\u00e9cialis\u00e9s dans les solutions de transformation personnalis\u00e9es avec des tensions nominales de 0,11kV \u00e0 500kV et des capacit\u00e9s de 15kVA \u00e0 1200MVA. Nos produits comprennent des transformateurs de distribution, des transformateurs mont\u00e9s sur socle ou sur poteau, des transformateurs secs, des transformateurs \u00e0 bain d'huile et des transformateurs haute tension, conformes aux normes UL, CE et ISO, et fournis \u00e0 des clients aux \u00c9tats-Unis, au Canada et sur les march\u00e9s mondiaux.","potentialAction":[{"@type":"SearchAction","target":{"@type":"EntryPoint","urlTemplate":"https:\/\/yawei-powertransformer.com\/?s={search_term_string}"},"query-input":{"@type":"PropertyValueSpecification","valueRequired":true,"valueName":"search_term_string"}}],"inLanguage":"fr-FR"}]}},"_links":{"self":[{"href":"https:\/\/yawei-powertransformer.com\/fr\/wp-json\/wp\/v2\/pages\/2379","targetHints":{"allow":["GET"]}}],"collection":[{"href":"https:\/\/yawei-powertransformer.com\/fr\/wp-json\/wp\/v2\/pages"}],"about":[{"href":"https:\/\/yawei-powertransformer.com\/fr\/wp-json\/wp\/v2\/types\/page"}],"author":[{"embeddable":true,"href":"https:\/\/yawei-powertransformer.com\/fr\/wp-json\/wp\/v2\/users\/3"}],"replies":[{"embeddable":true,"href":"https:\/\/yawei-powertransformer.com\/fr\/wp-json\/wp\/v2\/comments?post=2379"}],"version-history":[{"count":12,"href":"https:\/\/yawei-powertransformer.com\/fr\/wp-json\/wp\/v2\/pages\/2379\/revisions"}],"predecessor-version":[{"id":2398,"href":"https:\/\/yawei-powertransformer.com\/fr\/wp-json\/wp\/v2\/pages\/2379\/revisions\/2398"}],"wp:attachment":[{"href":"https:\/\/yawei-powertransformer.com\/fr\/wp-json\/wp\/v2\/media?parent=2379"}],"curies":[{"name":"wp","href":"https:\/\/api.w.org\/{rel}","templated":true}]}}