{"id":2379,"date":"2026-04-30T06:24:50","date_gmt":"2026-04-30T06:24:50","guid":{"rendered":"https:\/\/yawei-powertransformer.com\/?page_id=2379"},"modified":"2026-04-30T08:13:15","modified_gmt":"2026-04-30T08:13:15","slug":"download","status":"publish","type":"page","link":"https:\/\/yawei-powertransformer.com\/pt\/download\/","title":{"rendered":"Descarregar"},"content":{"rendered":"<div class=\"banner has-hover\" id=\"banner-561993553\">\n          <div class=\"banner-inner fill\">\n        <div class=\"banner-bg fill\" >\n            <div class=\"bg fill bg-fill\"><\/div>\n                        <div class=\"overlay\"><\/div>            \n                    <\/div>\n\t\t\n        <div class=\"banner-layers container\">\n            <div class=\"fill banner-link\"><\/div>            \n   <div id=\"text-box-1757882704\" class=\"text-box banner-layer x0 md-x0 lg-x0 y70 md-y70 lg-y70 res-text\">\n                                <div class=\"text-box-content text dark\">\n              \n              <div class=\"text-inner text-center\">\n                  \n<h2 style=\"text-align: left;\" data-start=\"68\" data-end=\"149\">Centro de descarregamento\u00a0<\/h2>\n<div class=\"flex max-w-full flex-col gap-4 grow\">\n<div class=\"min-h-8 text-message relative flex w-full flex-col items-end gap-2 text-start break-words whitespace-normal outline-none keyboard-focused:focus-ring &#091;.text-message+&amp;&#093;:mt-1\" dir=\"auto\" tabindex=\"0\" data-message-author-role=\"assistant\" data-message-id=\"ebf7251e-189f-4da5-b9b1-d692b60b28c8\" data-message-model-slug=\"gpt-5-3-mini\" data-turn-start-message=\"true\">\n<div class=\"flex w-full flex-col gap-1 empty:hidden\">\n<div class=\"markdown prose dark:prose-invert w-full wrap-break-word light markdown-new-styling\">\n<p style=\"text-align: left;\" data-start=\"151\" data-end=\"374\" data-is-last-node=\"\" data-is-only-node=\"\">Documentos t\u00e9cnicos e recursos de produtos - Aceda a cat\u00e1logos, brochuras de produtos, manuais de manuten\u00e7\u00e3o e perfis de empresas de <span class=\"hover:entity-accent entity-underline inline cursor-pointer align-baseline\"><span class=\"whitespace-normal\">Transformador Yawei<\/span><\/span>. Todos os recursos essenciais para solu\u00e7\u00f5es de transformadores de pot\u00eancia 10kV-500kV num s\u00f3 lugar.<\/p>\n<\/div>\n<\/div>\n<\/div>\n<\/div>\n              <\/div>\n           <\/div>\n                            \n<style>\n#text-box-1757882704 {\n  width: 60%;\n}\n#text-box-1757882704 .text-box-content {\n  font-size: 100%;\n}\n<\/style>\n    <\/div>\n \n        <\/div>\n      <\/div>\n\n            \n<style>\n#banner-561993553 {\n  padding-top: 600px;\n  background-color: rgb(255, 255, 255);\n}\n#banner-561993553 .bg.bg-loaded {\n  background-image: url(https:\/\/yawei-powertransformer.com\/wp-content\/uploads\/2026\/04\/Power-Transformer-Catalog-Download-10kV\u2013500kV-IECIEEE-Certified-Substation-Grid-Solutions-by-Yawei-Transformer-China-Manufacturer.webp);\n}\n#banner-561993553 .overlay {\n  background-color: rgba(0, 0, 0, 0.43);\n}\n<\/style>\n  <\/div>\n\n\n<div class=\"row\"  id=\"row-428124172\">\n\n\t<div id=\"col-572685864\" class=\"col medium-6 small-12 large-6\"  >\n\t\t\t\t<div class=\"col-inner\"  >\n\t\t\t\n\t\t\t\n<div class=\"row\"  id=\"row-265519895\">\n\n\t<div id=\"col-2104852821\" class=\"col medium-8 small-12 large-8\"  >\n\t\t\t\t<div class=\"col-inner\"  >\n\t\t\t\n\t\t\t\n<p><img loading=\"lazy\" decoding=\"async\" class=\"wp-image-2381\" src=\"https:\/\/yawei-powertransformer.com\/wp-content\/uploads\/2026\/04\/PDF-LOGO.png\" alt=\"Documento PDF com o design do log\u00f3tipo da empresa Yawei Transformer\" width=\"80\" height=\"80\" srcset=\"https:\/\/yawei-powertransformer.com\/wp-content\/uploads\/2026\/04\/PDF-LOGO.png 500w, https:\/\/yawei-powertransformer.com\/wp-content\/uploads\/2026\/04\/PDF-LOGO-300x300.png 300w, https:\/\/yawei-powertransformer.com\/wp-content\/uploads\/2026\/04\/PDF-LOGO-150x150.png 150w, https:\/\/yawei-powertransformer.com\/wp-content\/uploads\/2026\/04\/PDF-LOGO-12x12.png 12w, https:\/\/yawei-powertransformer.com\/wp-content\/uploads\/2026\/04\/PDF-LOGO-100x100.png 100w\" sizes=\"auto, (max-width: 80px) 100vw, 80px\" \/>Cat\u00e1logo de produtos de transformadores Yawei<\/p>\n\t\t<\/div>\n\t\t\t\t\t<\/div>\n\n\t\n\n\t<div id=\"col-1093396333\" class=\"col medium-3 small-12 large-3\"  >\n\t\t\t\t<div class=\"col-inner\"  >\n\t\t\t\n\t\t\t\n<a href=\"https:\/\/yawei-powertransformer.com\/wp-content\/uploads\/2026\/04\/Yawei-Transformer-China-Power-Transformer-Manufacturer-Product-Catalog-\u2013-10kV-to-500kV-IEC-IEEE-Standard-Oil-Immersed-and-Dry-Type-Transformer-Technical-Brochure.pdf\" target=\"_blank\" class=\"button primary\" rel=\"noopener\"  style=\"padding:20px 20px 20px 20px;\">\n    <span>Descarregar<\/span>\n  <\/a>\n\n\t\t<\/div>\n\t\t\t\t\t<\/div>\n\n\t\n<\/div>\n\t\t<\/div>\n\t\t\t\t\t<\/div>\n\n\t\n\n\t<div id=\"col-2090205719\" class=\"col medium-6 small-12 large-6\"  >\n\t\t\t\t<div class=\"col-inner\"  >\n\t\t\t\n\t\t\t\n<div class=\"row\"  id=\"row-972349920\">\n\n\t<div id=\"col-1181940631\" class=\"col medium-8 small-12 large-8\"  >\n\t\t\t\t<div class=\"col-inner\"  >\n\t\t\t\n\t\t\t\n<p><img loading=\"lazy\" decoding=\"async\" class=\"wp-image-2381\" src=\"https:\/\/yawei-powertransformer.com\/wp-content\/uploads\/2026\/04\/PDF-LOGO.png\" alt=\"Documento PDF com o design do log\u00f3tipo da empresa Yawei Transformer\" width=\"80\" height=\"80\" srcset=\"https:\/\/yawei-powertransformer.com\/wp-content\/uploads\/2026\/04\/PDF-LOGO.png 500w, https:\/\/yawei-powertransformer.com\/wp-content\/uploads\/2026\/04\/PDF-LOGO-300x300.png 300w, https:\/\/yawei-powertransformer.com\/wp-content\/uploads\/2026\/04\/PDF-LOGO-150x150.png 150w, https:\/\/yawei-powertransformer.com\/wp-content\/uploads\/2026\/04\/PDF-LOGO-12x12.png 12w, https:\/\/yawei-powertransformer.com\/wp-content\/uploads\/2026\/04\/PDF-LOGO-100x100.png 100w\" sizes=\"auto, (max-width: 80px) 100vw, 80px\" \/>Instala\u00e7\u00e3o de transformadores de pot\u00eancia no local<\/p>\n\t\t<\/div>\n\t\t\t\t\t<\/div>\n\n\t\n\n\t<div id=\"col-193888849\" class=\"col medium-4 small-12 large-4\"  >\n\t\t\t\t<div class=\"col-inner\"  >\n\t\t\t\n\t\t\t\n<a href=\"https:\/\/yawei-powertransformer.com\/wp-content\/uploads\/2026\/04\/On-Site-Installation-of-Power-Transformers-\u2013-Yawei-Transformer.pptx\" target=\"_blank\" class=\"button primary\" rel=\"noopener\"  style=\"padding:20px 20px 20px 20px;\">\n    <span>Descarregar<\/span>\n  <\/a>\n\n\t\t<\/div>\n\t\t\t\t\t<\/div>\n\n\t\n<\/div>\n\t\t<\/div>\n\t\t\t\t\t<\/div>\n\n\t\n<\/div>\n<div class=\"row\"  id=\"row-1756604691\">\n\n\t<div id=\"col-1046781747\" class=\"col medium-6 small-12 large-6\"  >\n\t\t\t\t<div class=\"col-inner\"  >\n\t\t\t\n\t\t\t\n<div class=\"row\"  id=\"row-2144216390\">\n\n\t<div id=\"col-255889116\" class=\"col medium-8 small-12 large-8\"  >\n\t\t\t\t<div class=\"col-inner\"  >\n\t\t\t\n\t\t\t\n<p><img loading=\"lazy\" decoding=\"async\" class=\"wp-image-2381\" src=\"https:\/\/yawei-powertransformer.com\/wp-content\/uploads\/2026\/04\/PDF-LOGO.png\" alt=\"Documento PDF com o design do log\u00f3tipo da empresa Yawei Transformer\" width=\"80\" height=\"80\" srcset=\"https:\/\/yawei-powertransformer.com\/wp-content\/uploads\/2026\/04\/PDF-LOGO.png 500w, https:\/\/yawei-powertransformer.com\/wp-content\/uploads\/2026\/04\/PDF-LOGO-300x300.png 300w, https:\/\/yawei-powertransformer.com\/wp-content\/uploads\/2026\/04\/PDF-LOGO-150x150.png 150w, https:\/\/yawei-powertransformer.com\/wp-content\/uploads\/2026\/04\/PDF-LOGO-12x12.png 12w, https:\/\/yawei-powertransformer.com\/wp-content\/uploads\/2026\/04\/PDF-LOGO-100x100.png 100w\" sizes=\"auto, (max-width: 80px) 100vw, 80px\" \/>Guia de instala\u00e7\u00e3o e utiliza\u00e7\u00e3o do transformador de pot\u00eancia de tipo seco<\/p>\n\t\t<\/div>\n\t\t\t\t\t<\/div>\n\n\t\n\n\t<div id=\"col-303597763\" class=\"col medium-4 small-12 large-4\"  >\n\t\t\t\t<div class=\"col-inner\"  >\n\t\t\t\n\t\t\t\n<a href=\"https:\/\/yawei-powertransformer.com\/wp-content\/uploads\/2026\/04\/Dry-Type-Power-Transformer-Installation-User-Guide.pdf\" target=\"_blank\" class=\"button primary\" rel=\"noopener\"  style=\"padding:20px 20px 20px 20px;\">\n    <span>Descarregar<\/span>\n  <\/a>\n\n\t\t<\/div>\n\t\t\t\t\t<\/div>\n\n\t\n<\/div>\n\t\t<\/div>\n\t\t\t\t\t<\/div>\n\n\t\n\n\t<div id=\"col-1038752870\" class=\"col medium-6 small-12 large-6\"  >\n\t\t\t\t<div class=\"col-inner\"  >\n\t\t\t\n\t\t\t\n\t\t<\/div>\n\t\t\t\t\t<\/div>\n\n\t\n<\/div>","protected":false},"excerpt":{"rendered":"","protected":false},"author":3,"featured_media":0,"parent":0,"menu_order":0,"comment_status":"closed","ping_status":"closed","template":"page-blank.php","meta":{"footnotes":""},"class_list":["post-2379","page","type-page","status-publish","hentry"],"yoast_head":"<!-- This site is optimized with the Yoast SEO plugin v26.6 - https:\/\/yoast.com\/wordpress\/plugins\/seo\/ -->\n<title>Download Transformer Catalogs &amp; Technical Documents | Yawei Transformer PDF Brochures &amp; Specifications<\/title>\n<meta name=\"description\" content=\"Download Yawei Transformer technical catalogs, product brochures, and specifications including power transformers, dry type transformers, pad mounted transformers, pole mounted transformers, and high voltage solutions. Access detailed datasheets, certifications, and engineering documents for global utility, EPC, and industrial projects.\" \/>\n<meta name=\"robots\" content=\"index, follow, max-snippet:-1, max-image-preview:large, max-video-preview:-1\" \/>\n<link rel=\"canonical\" href=\"https:\/\/yawei-powertransformer.com\/pt\/download\/\" \/>\n<meta property=\"og:locale\" content=\"pt_PT\" \/>\n<meta property=\"og:type\" content=\"article\" \/>\n<meta property=\"og:title\" content=\"Download Transformer Catalogs &amp; Technical Documents | Yawei Transformer PDF Brochures &amp; Specifications\" \/>\n<meta property=\"og:description\" content=\"Download Yawei Transformer technical catalogs, product brochures, and specifications including power transformers, dry type transformers, pad mounted transformers, pole mounted transformers, and high voltage solutions. Access detailed datasheets, certifications, and engineering documents for global utility, EPC, and industrial projects.\" \/>\n<meta property=\"og:url\" content=\"https:\/\/yawei-powertransformer.com\/pt\/download\/\" \/>\n<meta property=\"og:site_name\" content=\"Electrical Power Transformer Manufacturer | 0.11\u2013500kV, 15kVA\u20131200MVA \u2013 Sichuan Yawei Transformer\" \/>\n<meta property=\"article:modified_time\" content=\"2026-04-30T08:13:15+00:00\" \/>\n<meta property=\"og:image\" content=\"https:\/\/yawei-powertransformer.com\/wp-content\/uploads\/2026\/04\/PDF-LOGO.png\" \/>\n\t<meta property=\"og:image:width\" content=\"500\" \/>\n\t<meta property=\"og:image:height\" content=\"500\" \/>\n\t<meta property=\"og:image:type\" content=\"image\/png\" \/>\n<meta name=\"twitter:card\" content=\"summary_large_image\" \/>\n<meta name=\"twitter:label1\" content=\"Tempo estimado de leitura\" \/>\n\t<meta name=\"twitter:data1\" content=\"1 minuto\" \/>\n<script type=\"application\/ld+json\" class=\"yoast-schema-graph\">{\"@context\":\"https:\/\/schema.org\",\"@graph\":[{\"@type\":\"WebPage\",\"@id\":\"https:\/\/yawei-powertransformer.com\/download\/\",\"url\":\"https:\/\/yawei-powertransformer.com\/download\/\",\"name\":\"Download Transformer Catalogs & Technical Documents | Yawei Transformer PDF Brochures & Specifications\",\"isPartOf\":{\"@id\":\"https:\/\/yawei-powertransformer.com\/#website\"},\"primaryImageOfPage\":{\"@id\":\"https:\/\/yawei-powertransformer.com\/download\/#primaryimage\"},\"image\":{\"@id\":\"https:\/\/yawei-powertransformer.com\/download\/#primaryimage\"},\"thumbnailUrl\":\"https:\/\/yawei-powertransformer.com\/wp-content\/uploads\/2026\/04\/PDF-LOGO.png\",\"datePublished\":\"2026-04-30T06:24:50+00:00\",\"dateModified\":\"2026-04-30T08:13:15+00:00\",\"description\":\"Download Yawei Transformer technical catalogs, product brochures, and specifications including power transformers, dry type transformers, pad mounted transformers, pole mounted transformers, and high voltage solutions. Access detailed datasheets, certifications, and engineering documents for global utility, EPC, and industrial projects.\",\"breadcrumb\":{\"@id\":\"https:\/\/yawei-powertransformer.com\/download\/#breadcrumb\"},\"inLanguage\":\"pt-PT\",\"potentialAction\":[{\"@type\":\"ReadAction\",\"target\":[\"https:\/\/yawei-powertransformer.com\/download\/\"]}]},{\"@type\":\"ImageObject\",\"inLanguage\":\"pt-PT\",\"@id\":\"https:\/\/yawei-powertransformer.com\/download\/#primaryimage\",\"url\":\"https:\/\/yawei-powertransformer.com\/wp-content\/uploads\/2026\/04\/PDF-LOGO.png\",\"contentUrl\":\"https:\/\/yawei-powertransformer.com\/wp-content\/uploads\/2026\/04\/PDF-LOGO.png\"},{\"@type\":\"BreadcrumbList\",\"@id\":\"https:\/\/yawei-powertransformer.com\/download\/#breadcrumb\",\"itemListElement\":[{\"@type\":\"ListItem\",\"position\":1,\"name\":\"Home\",\"item\":\"https:\/\/yawei-powertransformer.com\/\"},{\"@type\":\"ListItem\",\"position\":2,\"name\":\"Download\"}]},{\"@type\":\"WebSite\",\"@id\":\"https:\/\/yawei-powertransformer.com\/#website\",\"url\":\"https:\/\/yawei-powertransformer.com\/\",\"name\":\"Electrical Power Transformer Manufacturer | 0.11\u2013500kV, 15kVA\u20131200MVA \u2013 Sichuan Yawei Transformer\",\"description\":\"Yawei Transformer is a professional China-based electrical power transformer manufacturer and factory, specializing in customized transformer solutions with voltage ratings from 0.11kV to 500kV and capacities from 15kVA to 1200MVA. Our products include distribution, pad-mounted, pole-mounted, dry-type, oil-immersed, and high-voltage power transformers, meeting UL, CE, and ISO standards and supplied to customers across the USA, Canada, and global markets.\",\"potentialAction\":[{\"@type\":\"SearchAction\",\"target\":{\"@type\":\"EntryPoint\",\"urlTemplate\":\"https:\/\/yawei-powertransformer.com\/?s={search_term_string}\"},\"query-input\":{\"@type\":\"PropertyValueSpecification\",\"valueRequired\":true,\"valueName\":\"search_term_string\"}}],\"inLanguage\":\"pt-PT\"}]}<\/script>\n<!-- \/ Yoast SEO plugin. -->","yoast_head_json":{"title":"Download de cat\u00e1logos e documentos t\u00e9cnicos de transformadores | Folhetos e especifica\u00e7\u00f5es em PDF de transformadores Yawei","description":"Descarregue cat\u00e1logos t\u00e9cnicos, brochuras de produtos e especifica\u00e7\u00f5es da Yawei Transformer, incluindo transformadores de pot\u00eancia, transformadores de tipo seco, transformadores montados em almofadas, transformadores montados em postes e solu\u00e7\u00f5es de alta tens\u00e3o. Aceda a fichas de dados detalhadas, certifica\u00e7\u00f5es e documentos de engenharia para projectos globais de servi\u00e7os p\u00fablicos, EPC e industriais.","robots":{"index":"index","follow":"follow","max-snippet":"max-snippet:-1","max-image-preview":"max-image-preview:large","max-video-preview":"max-video-preview:-1"},"canonical":"https:\/\/yawei-powertransformer.com\/pt\/download\/","og_locale":"pt_PT","og_type":"article","og_title":"Download Transformer Catalogs & Technical Documents | Yawei Transformer PDF Brochures & Specifications","og_description":"Download Yawei Transformer technical catalogs, product brochures, and specifications including power transformers, dry type transformers, pad mounted transformers, pole mounted transformers, and high voltage solutions. Access detailed datasheets, certifications, and engineering documents for global utility, EPC, and industrial projects.","og_url":"https:\/\/yawei-powertransformer.com\/pt\/download\/","og_site_name":"Electrical Power Transformer Manufacturer | 0.11\u2013500kV, 15kVA\u20131200MVA \u2013 Sichuan Yawei Transformer","article_modified_time":"2026-04-30T08:13:15+00:00","og_image":[{"width":500,"height":500,"url":"https:\/\/yawei-powertransformer.com\/wp-content\/uploads\/2026\/04\/PDF-LOGO.png","type":"image\/png"}],"twitter_card":"summary_large_image","twitter_misc":{"Tempo estimado de leitura":"1 minuto"},"schema":{"@context":"https:\/\/schema.org","@graph":[{"@type":"WebPage","@id":"https:\/\/yawei-powertransformer.com\/download\/","url":"https:\/\/yawei-powertransformer.com\/download\/","name":"Download de cat\u00e1logos e documentos t\u00e9cnicos de transformadores | Folhetos e especifica\u00e7\u00f5es em PDF de transformadores Yawei","isPartOf":{"@id":"https:\/\/yawei-powertransformer.com\/#website"},"primaryImageOfPage":{"@id":"https:\/\/yawei-powertransformer.com\/download\/#primaryimage"},"image":{"@id":"https:\/\/yawei-powertransformer.com\/download\/#primaryimage"},"thumbnailUrl":"https:\/\/yawei-powertransformer.com\/wp-content\/uploads\/2026\/04\/PDF-LOGO.png","datePublished":"2026-04-30T06:24:50+00:00","dateModified":"2026-04-30T08:13:15+00:00","description":"Descarregue cat\u00e1logos t\u00e9cnicos, brochuras de produtos e especifica\u00e7\u00f5es da Yawei Transformer, incluindo transformadores de pot\u00eancia, transformadores de tipo seco, transformadores montados em almofadas, transformadores montados em postes e solu\u00e7\u00f5es de alta tens\u00e3o. Aceda a fichas de dados detalhadas, certifica\u00e7\u00f5es e documentos de engenharia para projectos globais de servi\u00e7os p\u00fablicos, EPC e industriais.","breadcrumb":{"@id":"https:\/\/yawei-powertransformer.com\/download\/#breadcrumb"},"inLanguage":"pt-PT","potentialAction":[{"@type":"ReadAction","target":["https:\/\/yawei-powertransformer.com\/download\/"]}]},{"@type":"ImageObject","inLanguage":"pt-PT","@id":"https:\/\/yawei-powertransformer.com\/download\/#primaryimage","url":"https:\/\/yawei-powertransformer.com\/wp-content\/uploads\/2026\/04\/PDF-LOGO.png","contentUrl":"https:\/\/yawei-powertransformer.com\/wp-content\/uploads\/2026\/04\/PDF-LOGO.png"},{"@type":"BreadcrumbList","@id":"https:\/\/yawei-powertransformer.com\/download\/#breadcrumb","itemListElement":[{"@type":"ListItem","position":1,"name":"Home","item":"https:\/\/yawei-powertransformer.com\/"},{"@type":"ListItem","position":2,"name":"Download"}]},{"@type":"WebSite","@id":"https:\/\/yawei-powertransformer.com\/#website","url":"https:\/\/yawei-powertransformer.com\/","name":"Fabricante de Transformador de Pot\u00eancia El\u00e9trica | 0.11-500kV, 15kVA-1200MVA - Sichuan Yawei Transformer","description":"Yawei Transformer \u00e9 um profissional fabricante e f\u00e1brica de transformadores de energia el\u00e9trica com base na China, especializada em solu\u00e7\u00f5es de transformadores personalizados com classifica\u00e7\u00f5es de tens\u00e3o de 0,11kV a 500kV e capacidades de 15kVA a 1200MVA. Os nossos produtos incluem transformadores de distribui\u00e7\u00e3o, pad-mounted, pole-mounted, tipo seco, imersos em \u00f3leo e de alta tens\u00e3o, cumprindo as normas UL, CE e ISO e fornecidos a clientes nos EUA, Canad\u00e1 e mercados globais.","potentialAction":[{"@type":"SearchAction","target":{"@type":"EntryPoint","urlTemplate":"https:\/\/yawei-powertransformer.com\/?s={search_term_string}"},"query-input":{"@type":"PropertyValueSpecification","valueRequired":true,"valueName":"search_term_string"}}],"inLanguage":"pt-PT"}]}},"_links":{"self":[{"href":"https:\/\/yawei-powertransformer.com\/pt\/wp-json\/wp\/v2\/pages\/2379","targetHints":{"allow":["GET"]}}],"collection":[{"href":"https:\/\/yawei-powertransformer.com\/pt\/wp-json\/wp\/v2\/pages"}],"about":[{"href":"https:\/\/yawei-powertransformer.com\/pt\/wp-json\/wp\/v2\/types\/page"}],"author":[{"embeddable":true,"href":"https:\/\/yawei-powertransformer.com\/pt\/wp-json\/wp\/v2\/users\/3"}],"replies":[{"embeddable":true,"href":"https:\/\/yawei-powertransformer.com\/pt\/wp-json\/wp\/v2\/comments?post=2379"}],"version-history":[{"count":12,"href":"https:\/\/yawei-powertransformer.com\/pt\/wp-json\/wp\/v2\/pages\/2379\/revisions"}],"predecessor-version":[{"id":2398,"href":"https:\/\/yawei-powertransformer.com\/pt\/wp-json\/wp\/v2\/pages\/2379\/revisions\/2398"}],"wp:attachment":[{"href":"https:\/\/yawei-powertransformer.com\/pt\/wp-json\/wp\/v2\/media?parent=2379"}],"curies":[{"name":"wp","href":"https:\/\/api.w.org\/{rel}","templated":true}]}}