{"id":2379,"date":"2026-04-30T06:24:50","date_gmt":"2026-04-30T06:24:50","guid":{"rendered":"https:\/\/yawei-powertransformer.com\/?page_id=2379"},"modified":"2026-04-30T08:13:15","modified_gmt":"2026-04-30T08:13:15","slug":"download","status":"publish","type":"page","link":"https:\/\/yawei-powertransformer.com\/ro\/download\/","title":{"rendered":"Desc\u0103rcare"},"content":{"rendered":"<div class=\"banner has-hover\" id=\"banner-228464577\">\n          <div class=\"banner-inner fill\">\n        <div class=\"banner-bg fill\" >\n            <div class=\"bg fill bg-fill\"><\/div>\n                        <div class=\"overlay\"><\/div>            \n                    <\/div>\n\t\t\n        <div class=\"banner-layers container\">\n            <div class=\"fill banner-link\"><\/div>            \n   <div id=\"text-box-1839694784\" class=\"text-box banner-layer x0 md-x0 lg-x0 y70 md-y70 lg-y70 res-text\">\n                                <div class=\"text-box-content text dark\">\n              \n              <div class=\"text-inner text-center\">\n                  \n<h2 style=\"text-align: left;\" data-start=\"68\" data-end=\"149\">Desc\u0103rca\u021bi Centrul\u00a0<\/h2>\n<div class=\"flex max-w-full flex-col gap-4 grow\">\n<div class=\"min-h-8 text-message relative flex w-full flex-col items-end gap-2 text-start break-words whitespace-normal outline-none keyboard-focused:focus-ring &#091;.text-message+&amp;&#093;:mt-1\" dir=\"auto\" tabindex=\"0\" data-message-author-role=\"assistant\" data-message-id=\"ebf7251e-189f-4da5-b9b1-d692b60b28c8\" data-message-model-slug=\"gpt-5-3-mini\" data-turn-start-message=\"true\">\n<div class=\"flex w-full flex-col gap-1 empty:hidden\">\n<div class=\"markdown prose dark:prose-invert w-full wrap-break-word light markdown-new-styling\">\n<p style=\"text-align: left;\" data-start=\"151\" data-end=\"374\" data-is-last-node=\"\" data-is-only-node=\"\">Documente tehnice \u0219i resurse de produse-Acesa\u021bi cataloage, bro\u0219uri de produse, manuale de \u00eentre\u021binere \u0219i profiluri de companii din <span class=\"hover:entity-accent entity-underline inline cursor-pointer align-baseline\"><span class=\"whitespace-normal\">Transformator Yawei<\/span><\/span>. Toate resursele esen\u021biale pentru solu\u021bii de transformatoare de putere 10kV-500kV \u00eentr-un singur loc.<\/p>\n<\/div>\n<\/div>\n<\/div>\n<\/div>\n              <\/div>\n           <\/div>\n                            \n<style>\n#text-box-1839694784 {\n  width: 60%;\n}\n#text-box-1839694784 .text-box-content {\n  font-size: 100%;\n}\n<\/style>\n    <\/div>\n \n        <\/div>\n      <\/div>\n\n            \n<style>\n#banner-228464577 {\n  padding-top: 600px;\n  background-color: rgb(255, 255, 255);\n}\n#banner-228464577 .bg.bg-loaded {\n  background-image: url(https:\/\/yawei-powertransformer.com\/wp-content\/uploads\/2026\/04\/Power-Transformer-Catalog-Download-10kV\u2013500kV-IECIEEE-Certified-Substation-Grid-Solutions-by-Yawei-Transformer-China-Manufacturer.webp);\n}\n#banner-228464577 .overlay {\n  background-color: rgba(0, 0, 0, 0.43);\n}\n<\/style>\n  <\/div>\n\n\n<div class=\"row\"  id=\"row-1664150506\">\n\n\t<div id=\"col-2139210964\" class=\"col medium-6 small-12 large-6\"  >\n\t\t\t\t<div class=\"col-inner\"  >\n\t\t\t\n\t\t\t\n<div class=\"row\"  id=\"row-104811749\">\n\n\t<div id=\"col-207129289\" class=\"col medium-8 small-12 large-8\"  >\n\t\t\t\t<div class=\"col-inner\"  >\n\t\t\t\n\t\t\t\n<p><img loading=\"lazy\" decoding=\"async\" class=\"wp-image-2381\" src=\"https:\/\/yawei-powertransformer.com\/wp-content\/uploads\/2026\/04\/PDF-LOGO.png\" alt=\"Document PDF cu designul logo-ului companiei Yawei Transformer\" width=\"80\" height=\"80\" srcset=\"https:\/\/yawei-powertransformer.com\/wp-content\/uploads\/2026\/04\/PDF-LOGO.png 500w, https:\/\/yawei-powertransformer.com\/wp-content\/uploads\/2026\/04\/PDF-LOGO-300x300.png 300w, https:\/\/yawei-powertransformer.com\/wp-content\/uploads\/2026\/04\/PDF-LOGO-150x150.png 150w, https:\/\/yawei-powertransformer.com\/wp-content\/uploads\/2026\/04\/PDF-LOGO-12x12.png 12w, https:\/\/yawei-powertransformer.com\/wp-content\/uploads\/2026\/04\/PDF-LOGO-100x100.png 100w\" sizes=\"auto, (max-width: 80px) 100vw, 80px\" \/>Yawei Transformator Catalog de produse<\/p>\n\t\t<\/div>\n\t\t\t\t\t<\/div>\n\n\t\n\n\t<div id=\"col-1984732315\" class=\"col medium-3 small-12 large-3\"  >\n\t\t\t\t<div class=\"col-inner\"  >\n\t\t\t\n\t\t\t\n<a href=\"https:\/\/yawei-powertransformer.com\/wp-content\/uploads\/2026\/04\/Yawei-Transformer-China-Power-Transformer-Manufacturer-Product-Catalog-\u2013-10kV-to-500kV-IEC-IEEE-Standard-Oil-Immersed-and-Dry-Type-Transformer-Technical-Brochure.pdf\" target=\"_blank\" class=\"button primary\" rel=\"noopener\"  style=\"padding:20px 20px 20px 20px;\">\n    <span>Desc\u0103rcare<\/span>\n  <\/a>\n\n\t\t<\/div>\n\t\t\t\t\t<\/div>\n\n\t\n<\/div>\n\t\t<\/div>\n\t\t\t\t\t<\/div>\n\n\t\n\n\t<div id=\"col-341647600\" class=\"col medium-6 small-12 large-6\"  >\n\t\t\t\t<div class=\"col-inner\"  >\n\t\t\t\n\t\t\t\n<div class=\"row\"  id=\"row-731183149\">\n\n\t<div id=\"col-281383980\" class=\"col medium-8 small-12 large-8\"  >\n\t\t\t\t<div class=\"col-inner\"  >\n\t\t\t\n\t\t\t\n<p><img loading=\"lazy\" decoding=\"async\" class=\"wp-image-2381\" src=\"https:\/\/yawei-powertransformer.com\/wp-content\/uploads\/2026\/04\/PDF-LOGO.png\" alt=\"Document PDF cu designul logo-ului companiei Yawei Transformer\" width=\"80\" height=\"80\" srcset=\"https:\/\/yawei-powertransformer.com\/wp-content\/uploads\/2026\/04\/PDF-LOGO.png 500w, https:\/\/yawei-powertransformer.com\/wp-content\/uploads\/2026\/04\/PDF-LOGO-300x300.png 300w, https:\/\/yawei-powertransformer.com\/wp-content\/uploads\/2026\/04\/PDF-LOGO-150x150.png 150w, https:\/\/yawei-powertransformer.com\/wp-content\/uploads\/2026\/04\/PDF-LOGO-12x12.png 12w, https:\/\/yawei-powertransformer.com\/wp-content\/uploads\/2026\/04\/PDF-LOGO-100x100.png 100w\" sizes=\"auto, (max-width: 80px) 100vw, 80px\" \/>Instalarea la fa\u021ba locului a transformatoarelor de putere<\/p>\n\t\t<\/div>\n\t\t\t\t\t<\/div>\n\n\t\n\n\t<div id=\"col-1164602536\" class=\"col medium-4 small-12 large-4\"  >\n\t\t\t\t<div class=\"col-inner\"  >\n\t\t\t\n\t\t\t\n<a href=\"https:\/\/yawei-powertransformer.com\/wp-content\/uploads\/2026\/04\/On-Site-Installation-of-Power-Transformers-\u2013-Yawei-Transformer.pptx\" target=\"_blank\" class=\"button primary\" rel=\"noopener\"  style=\"padding:20px 20px 20px 20px;\">\n    <span>Desc\u0103rcare<\/span>\n  <\/a>\n\n\t\t<\/div>\n\t\t\t\t\t<\/div>\n\n\t\n<\/div>\n\t\t<\/div>\n\t\t\t\t\t<\/div>\n\n\t\n<\/div>\n<div class=\"row\"  id=\"row-897255158\">\n\n\t<div id=\"col-164039368\" class=\"col medium-6 small-12 large-6\"  >\n\t\t\t\t<div class=\"col-inner\"  >\n\t\t\t\n\t\t\t\n<div class=\"row\"  id=\"row-1199779681\">\n\n\t<div id=\"col-611580546\" class=\"col medium-8 small-12 large-8\"  >\n\t\t\t\t<div class=\"col-inner\"  >\n\t\t\t\n\t\t\t\n<p><img loading=\"lazy\" decoding=\"async\" class=\"wp-image-2381\" src=\"https:\/\/yawei-powertransformer.com\/wp-content\/uploads\/2026\/04\/PDF-LOGO.png\" alt=\"Document PDF cu designul logo-ului companiei Yawei Transformer\" width=\"80\" height=\"80\" srcset=\"https:\/\/yawei-powertransformer.com\/wp-content\/uploads\/2026\/04\/PDF-LOGO.png 500w, https:\/\/yawei-powertransformer.com\/wp-content\/uploads\/2026\/04\/PDF-LOGO-300x300.png 300w, https:\/\/yawei-powertransformer.com\/wp-content\/uploads\/2026\/04\/PDF-LOGO-150x150.png 150w, https:\/\/yawei-powertransformer.com\/wp-content\/uploads\/2026\/04\/PDF-LOGO-12x12.png 12w, https:\/\/yawei-powertransformer.com\/wp-content\/uploads\/2026\/04\/PDF-LOGO-100x100.png 100w\" sizes=\"auto, (max-width: 80px) 100vw, 80px\" \/>Ghid de instalare \u0219i utilizare a transformatorului de putere de tip uscat<\/p>\n\t\t<\/div>\n\t\t\t\t\t<\/div>\n\n\t\n\n\t<div id=\"col-1291850852\" class=\"col medium-4 small-12 large-4\"  >\n\t\t\t\t<div class=\"col-inner\"  >\n\t\t\t\n\t\t\t\n<a href=\"https:\/\/yawei-powertransformer.com\/wp-content\/uploads\/2026\/04\/Dry-Type-Power-Transformer-Installation-User-Guide.pdf\" target=\"_blank\" class=\"button primary\" rel=\"noopener\"  style=\"padding:20px 20px 20px 20px;\">\n    <span>Desc\u0103rcare<\/span>\n  <\/a>\n\n\t\t<\/div>\n\t\t\t\t\t<\/div>\n\n\t\n<\/div>\n\t\t<\/div>\n\t\t\t\t\t<\/div>\n\n\t\n\n\t<div id=\"col-1588678255\" class=\"col medium-6 small-12 large-6\"  >\n\t\t\t\t<div class=\"col-inner\"  >\n\t\t\t\n\t\t\t\n\t\t<\/div>\n\t\t\t\t\t<\/div>\n\n\t\n<\/div>","protected":false},"excerpt":{"rendered":"","protected":false},"author":3,"featured_media":0,"parent":0,"menu_order":0,"comment_status":"closed","ping_status":"closed","template":"page-blank.php","meta":{"footnotes":""},"class_list":["post-2379","page","type-page","status-publish","hentry"],"yoast_head":"<!-- This site is optimized with the Yoast SEO plugin v26.6 - https:\/\/yoast.com\/wordpress\/plugins\/seo\/ -->\n<title>Download Transformer Catalogs &amp; Technical Documents | Yawei Transformer PDF Brochures &amp; Specifications<\/title>\n<meta name=\"description\" content=\"Download Yawei Transformer technical catalogs, product brochures, and specifications including power transformers, dry type transformers, pad mounted transformers, pole mounted transformers, and high voltage solutions. Access detailed datasheets, certifications, and engineering documents for global utility, EPC, and industrial projects.\" \/>\n<meta name=\"robots\" content=\"index, follow, max-snippet:-1, max-image-preview:large, max-video-preview:-1\" \/>\n<link rel=\"canonical\" href=\"https:\/\/yawei-powertransformer.com\/ro\/download\/\" \/>\n<meta property=\"og:locale\" content=\"ro_RO\" \/>\n<meta property=\"og:type\" content=\"article\" \/>\n<meta property=\"og:title\" content=\"Download Transformer Catalogs &amp; Technical Documents | Yawei Transformer PDF Brochures &amp; Specifications\" \/>\n<meta property=\"og:description\" content=\"Download Yawei Transformer technical catalogs, product brochures, and specifications including power transformers, dry type transformers, pad mounted transformers, pole mounted transformers, and high voltage solutions. Access detailed datasheets, certifications, and engineering documents for global utility, EPC, and industrial projects.\" \/>\n<meta property=\"og:url\" content=\"https:\/\/yawei-powertransformer.com\/ro\/download\/\" \/>\n<meta property=\"og:site_name\" content=\"Electrical Power Transformer Manufacturer | 0.11\u2013500kV, 15kVA\u20131200MVA \u2013 Sichuan Yawei Transformer\" \/>\n<meta property=\"article:modified_time\" content=\"2026-04-30T08:13:15+00:00\" \/>\n<meta property=\"og:image\" content=\"https:\/\/yawei-powertransformer.com\/wp-content\/uploads\/2026\/04\/PDF-LOGO.png\" \/>\n\t<meta property=\"og:image:width\" content=\"500\" \/>\n\t<meta property=\"og:image:height\" content=\"500\" \/>\n\t<meta property=\"og:image:type\" content=\"image\/png\" \/>\n<meta name=\"twitter:card\" content=\"summary_large_image\" \/>\n<meta name=\"twitter:label1\" content=\"Timp estimat pentru citire\" \/>\n\t<meta name=\"twitter:data1\" content=\"1 minut\" \/>\n<script type=\"application\/ld+json\" class=\"yoast-schema-graph\">{\"@context\":\"https:\/\/schema.org\",\"@graph\":[{\"@type\":\"WebPage\",\"@id\":\"https:\/\/yawei-powertransformer.com\/download\/\",\"url\":\"https:\/\/yawei-powertransformer.com\/download\/\",\"name\":\"Download Transformer Catalogs & Technical Documents | Yawei Transformer PDF Brochures & Specifications\",\"isPartOf\":{\"@id\":\"https:\/\/yawei-powertransformer.com\/#website\"},\"primaryImageOfPage\":{\"@id\":\"https:\/\/yawei-powertransformer.com\/download\/#primaryimage\"},\"image\":{\"@id\":\"https:\/\/yawei-powertransformer.com\/download\/#primaryimage\"},\"thumbnailUrl\":\"https:\/\/yawei-powertransformer.com\/wp-content\/uploads\/2026\/04\/PDF-LOGO.png\",\"datePublished\":\"2026-04-30T06:24:50+00:00\",\"dateModified\":\"2026-04-30T08:13:15+00:00\",\"description\":\"Download Yawei Transformer technical catalogs, product brochures, and specifications including power transformers, dry type transformers, pad mounted transformers, pole mounted transformers, and high voltage solutions. Access detailed datasheets, certifications, and engineering documents for global utility, EPC, and industrial projects.\",\"breadcrumb\":{\"@id\":\"https:\/\/yawei-powertransformer.com\/download\/#breadcrumb\"},\"inLanguage\":\"ro-RO\",\"potentialAction\":[{\"@type\":\"ReadAction\",\"target\":[\"https:\/\/yawei-powertransformer.com\/download\/\"]}]},{\"@type\":\"ImageObject\",\"inLanguage\":\"ro-RO\",\"@id\":\"https:\/\/yawei-powertransformer.com\/download\/#primaryimage\",\"url\":\"https:\/\/yawei-powertransformer.com\/wp-content\/uploads\/2026\/04\/PDF-LOGO.png\",\"contentUrl\":\"https:\/\/yawei-powertransformer.com\/wp-content\/uploads\/2026\/04\/PDF-LOGO.png\"},{\"@type\":\"BreadcrumbList\",\"@id\":\"https:\/\/yawei-powertransformer.com\/download\/#breadcrumb\",\"itemListElement\":[{\"@type\":\"ListItem\",\"position\":1,\"name\":\"Home\",\"item\":\"https:\/\/yawei-powertransformer.com\/\"},{\"@type\":\"ListItem\",\"position\":2,\"name\":\"Download\"}]},{\"@type\":\"WebSite\",\"@id\":\"https:\/\/yawei-powertransformer.com\/#website\",\"url\":\"https:\/\/yawei-powertransformer.com\/\",\"name\":\"Electrical Power Transformer Manufacturer | 0.11\u2013500kV, 15kVA\u20131200MVA \u2013 Sichuan Yawei Transformer\",\"description\":\"Yawei Transformer is a professional China-based electrical power transformer manufacturer and factory, specializing in customized transformer solutions with voltage ratings from 0.11kV to 500kV and capacities from 15kVA to 1200MVA. Our products include distribution, pad-mounted, pole-mounted, dry-type, oil-immersed, and high-voltage power transformers, meeting UL, CE, and ISO standards and supplied to customers across the USA, Canada, and global markets.\",\"potentialAction\":[{\"@type\":\"SearchAction\",\"target\":{\"@type\":\"EntryPoint\",\"urlTemplate\":\"https:\/\/yawei-powertransformer.com\/?s={search_term_string}\"},\"query-input\":{\"@type\":\"PropertyValueSpecification\",\"valueRequired\":true,\"valueName\":\"search_term_string\"}}],\"inLanguage\":\"ro-RO\"}]}<\/script>\n<!-- \/ Yoast SEO plugin. -->","yoast_head_json":{"title":"Desc\u0103rca\u021bi cataloage \u0219i documente tehnice pentru transformatoare | Yawei Transformator PDF Bro\u0219uri \u0219i specifica\u021bii","description":"Desc\u0103rca\u021bi cataloage tehnice Yawei Transformer, bro\u0219uri de produse \u0219i specifica\u021bii, inclusiv transformatoare de putere, transformatoare de tip uscat, transformatoare montate pe suport, transformatoare montate pe st\u00e2lp \u0219i solu\u021bii de \u00eenalt\u0103 tensiune. Accesa\u021bi fi\u0219e tehnice detaliate, certific\u0103ri \u0219i documente de inginerie pentru utilit\u0103\u021bi globale, EPC \u0219i proiecte industriale.","robots":{"index":"index","follow":"follow","max-snippet":"max-snippet:-1","max-image-preview":"max-image-preview:large","max-video-preview":"max-video-preview:-1"},"canonical":"https:\/\/yawei-powertransformer.com\/ro\/download\/","og_locale":"ro_RO","og_type":"article","og_title":"Download Transformer Catalogs & Technical Documents | Yawei Transformer PDF Brochures & Specifications","og_description":"Download Yawei Transformer technical catalogs, product brochures, and specifications including power transformers, dry type transformers, pad mounted transformers, pole mounted transformers, and high voltage solutions. Access detailed datasheets, certifications, and engineering documents for global utility, EPC, and industrial projects.","og_url":"https:\/\/yawei-powertransformer.com\/ro\/download\/","og_site_name":"Electrical Power Transformer Manufacturer | 0.11\u2013500kV, 15kVA\u20131200MVA \u2013 Sichuan Yawei Transformer","article_modified_time":"2026-04-30T08:13:15+00:00","og_image":[{"width":500,"height":500,"url":"https:\/\/yawei-powertransformer.com\/wp-content\/uploads\/2026\/04\/PDF-LOGO.png","type":"image\/png"}],"twitter_card":"summary_large_image","twitter_misc":{"Timp estimat pentru citire":"1 minut"},"schema":{"@context":"https:\/\/schema.org","@graph":[{"@type":"WebPage","@id":"https:\/\/yawei-powertransformer.com\/download\/","url":"https:\/\/yawei-powertransformer.com\/download\/","name":"Desc\u0103rca\u021bi cataloage \u0219i documente tehnice pentru transformatoare | Yawei Transformator PDF Bro\u0219uri \u0219i specifica\u021bii","isPartOf":{"@id":"https:\/\/yawei-powertransformer.com\/#website"},"primaryImageOfPage":{"@id":"https:\/\/yawei-powertransformer.com\/download\/#primaryimage"},"image":{"@id":"https:\/\/yawei-powertransformer.com\/download\/#primaryimage"},"thumbnailUrl":"https:\/\/yawei-powertransformer.com\/wp-content\/uploads\/2026\/04\/PDF-LOGO.png","datePublished":"2026-04-30T06:24:50+00:00","dateModified":"2026-04-30T08:13:15+00:00","description":"Desc\u0103rca\u021bi cataloage tehnice Yawei Transformer, bro\u0219uri de produse \u0219i specifica\u021bii, inclusiv transformatoare de putere, transformatoare de tip uscat, transformatoare montate pe suport, transformatoare montate pe st\u00e2lp \u0219i solu\u021bii de \u00eenalt\u0103 tensiune. Accesa\u021bi fi\u0219e tehnice detaliate, certific\u0103ri \u0219i documente de inginerie pentru utilit\u0103\u021bi globale, EPC \u0219i proiecte industriale.","breadcrumb":{"@id":"https:\/\/yawei-powertransformer.com\/download\/#breadcrumb"},"inLanguage":"ro-RO","potentialAction":[{"@type":"ReadAction","target":["https:\/\/yawei-powertransformer.com\/download\/"]}]},{"@type":"ImageObject","inLanguage":"ro-RO","@id":"https:\/\/yawei-powertransformer.com\/download\/#primaryimage","url":"https:\/\/yawei-powertransformer.com\/wp-content\/uploads\/2026\/04\/PDF-LOGO.png","contentUrl":"https:\/\/yawei-powertransformer.com\/wp-content\/uploads\/2026\/04\/PDF-LOGO.png"},{"@type":"BreadcrumbList","@id":"https:\/\/yawei-powertransformer.com\/download\/#breadcrumb","itemListElement":[{"@type":"ListItem","position":1,"name":"Home","item":"https:\/\/yawei-powertransformer.com\/"},{"@type":"ListItem","position":2,"name":"Download"}]},{"@type":"WebSite","@id":"https:\/\/yawei-powertransformer.com\/#website","url":"https:\/\/yawei-powertransformer.com\/","name":"Transformator de putere electric\u0103 Produc\u0103tor | 0.11-500kV, 15kVA-1200MVA - Sichuan Yawei Transformer","description":"Yawei Transformer este un produc\u0103tor \u0219i o fabric\u0103 profesionist\u0103 de transformatoare electrice din China, specializat\u0103 \u00een solu\u021bii personalizate de transformare cu tensiuni nominale de la 0,11kV la 500kV \u0219i capacit\u0103\u021bi de la 15kVA la 1200MVA. Produsele noastre includ transformatoare de distribu\u021bie, montate pe suport, montate pe st\u00e2lp, de tip uscat, cu imersie \u00een ulei \u0219i de \u00eenalt\u0103 tensiune, care \u00eendeplinesc standardele UL, CE \u0219i ISO \u0219i sunt furnizate clien\u021bilor din SUA, Canada \u0219i pie\u021belor globale.","potentialAction":[{"@type":"SearchAction","target":{"@type":"EntryPoint","urlTemplate":"https:\/\/yawei-powertransformer.com\/?s={search_term_string}"},"query-input":{"@type":"PropertyValueSpecification","valueRequired":true,"valueName":"search_term_string"}}],"inLanguage":"ro-RO"}]}},"_links":{"self":[{"href":"https:\/\/yawei-powertransformer.com\/ro\/wp-json\/wp\/v2\/pages\/2379","targetHints":{"allow":["GET"]}}],"collection":[{"href":"https:\/\/yawei-powertransformer.com\/ro\/wp-json\/wp\/v2\/pages"}],"about":[{"href":"https:\/\/yawei-powertransformer.com\/ro\/wp-json\/wp\/v2\/types\/page"}],"author":[{"embeddable":true,"href":"https:\/\/yawei-powertransformer.com\/ro\/wp-json\/wp\/v2\/users\/3"}],"replies":[{"embeddable":true,"href":"https:\/\/yawei-powertransformer.com\/ro\/wp-json\/wp\/v2\/comments?post=2379"}],"version-history":[{"count":12,"href":"https:\/\/yawei-powertransformer.com\/ro\/wp-json\/wp\/v2\/pages\/2379\/revisions"}],"predecessor-version":[{"id":2398,"href":"https:\/\/yawei-powertransformer.com\/ro\/wp-json\/wp\/v2\/pages\/2379\/revisions\/2398"}],"wp:attachment":[{"href":"https:\/\/yawei-powertransformer.com\/ro\/wp-json\/wp\/v2\/media?parent=2379"}],"curies":[{"name":"wp","href":"https:\/\/api.w.org\/{rel}","templated":true}]}}